{"id":371,"date":"2021-06-30T09:51:52","date_gmt":"2021-06-30T09:51:52","guid":{"rendered":"https:\/\/bridge440.qodeinteractive.com\/?page_id=371"},"modified":"2024-11-28T16:29:28","modified_gmt":"2024-11-28T16:29:28","slug":"about-us","status":"publish","type":"page","link":"http:\/\/cmictabasco.org.mx.previewc75.carrierzone.com\/?page_id=371","title":{"rendered":"CMIC Tabasco"},"content":{"rendered":"\t\t<div data-elementor-type=\"wp-page\" data-elementor-id=\"371\" class=\"elementor elementor-371\">\n\t\t\t\t\t\t<section class=\"elementor-section elementor-top-section elementor-element elementor-element-4f6bcb99 elementor-section-content-middle elementor-section-boxed elementor-section-height-default elementor-section-height-default parallax_section_no qode_elementor_container_no\" data-id=\"4f6bcb99\" data-element_type=\"section\">\n\t\t\t\t\t\t<div class=\"elementor-container elementor-column-gap-no\">\n\t\t\t\t\t<div class=\"elementor-column elementor-col-50 elementor-top-column elementor-element elementor-element-75834dc9\" data-id=\"75834dc9\" data-element_type=\"column\">\n\t\t\t<div class=\"elementor-widget-wrap elementor-element-populated\">\n\t\t\t\t\t\t<div class=\"elementor-element elementor-element-80e4be9 elementor-widget elementor-widget-heading\" data-id=\"80e4be9\" data-element_type=\"widget\" data-widget_type=\"heading.default\">\n\t\t\t\t<div class=\"elementor-widget-container\">\n\t\t\t\t\t<h4 class=\"elementor-heading-title elementor-size-default\">CMIC Tabasco<\/h4>\t\t\t\t<\/div>\n\t\t\t\t<\/div>\n\t\t\t\t<div class=\"elementor-element elementor-element-550f52d8 elementor-widget elementor-widget-text-editor\" data-id=\"550f52d8\" data-element_type=\"widget\" data-widget_type=\"text-editor.default\">\n\t\t\t\t<div class=\"elementor-widget-container\">\n\t\t\t\t\t\t\t\t\t<p>La C\u00e1mara Mexicana De La Industria De La Construcci\u00f3n, m\u00e1ximo \u00f3rgano de representaci\u00f3n del gremio, consolida, unifica y promueve desde 1953 a las empresas afiliadas del pa\u00eds, otorg\u00e1ndoles servicios de alta calidad y servicios que dan plus a las actividades productivas de la entidad.<\/p><p>\u00a0\u2022 Representaci\u00f3n y Gesti\u00f3n<\/p><p>\u00a0\u2022 Informaci\u00f3n<\/p><p>\u00a0\u2022 Certificaci\u00f3n<\/p><p>\u00a0\u2022 Capacitaci\u00f3n<\/p><p>\u00a0\u2022 Desarrollo Tecnol\u00f3gico<\/p>\t\t\t\t\t\t\t\t<\/div>\n\t\t\t\t<\/div>\n\t\t\t\t\t<\/div>\n\t\t<\/div>\n\t\t\t\t<div class=\"elementor-column elementor-col-50 elementor-top-column elementor-element elementor-element-a9d42bb\" data-id=\"a9d42bb\" data-element_type=\"column\">\n\t\t\t<div class=\"elementor-widget-wrap elementor-element-populated\">\n\t\t\t\t\t\t<div class=\"elementor-element elementor-element-7018b542 elementor-widget elementor-widget-video\" data-id=\"7018b542\" data-element_type=\"widget\" data-settings=\"{&quot;youtube_url&quot;:&quot;https:\\\/\\\/youtu.be\\\/aJHxksROJNI&quot;,&quot;video_type&quot;:&quot;youtube&quot;,&quot;controls&quot;:&quot;yes&quot;}\" data-widget_type=\"video.default\">\n\t\t\t\t<div class=\"elementor-widget-container\">\n\t\t\t\t\t\t\t<div class=\"elementor-wrapper elementor-open-inline\">\n\t\t\t<div class=\"elementor-video\"><\/div>\t\t<\/div>\n\t\t\t\t\t\t<\/div>\n\t\t\t\t<\/div>\n\t\t\t\t\t<\/div>\n\t\t<\/div>\n\t\t\t\t\t<\/div>\n\t\t<\/section>\n\t\t\t\t<section class=\"elementor-section elementor-top-section elementor-element elementor-element-45051c67 elementor-section-content-middle elementor-section-boxed elementor-section-height-default elementor-section-height-default parallax_section_no qode_elementor_container_no\" data-id=\"45051c67\" data-element_type=\"section\" data-settings=\"{&quot;background_background&quot;:&quot;classic&quot;}\">\n\t\t\t\t\t\t<div class=\"elementor-container elementor-column-gap-no\">\n\t\t\t\t\t<div class=\"elementor-column elementor-col-50 elementor-top-column elementor-element elementor-element-51f6f68f\" data-id=\"51f6f68f\" data-element_type=\"column\">\n\t\t\t<div class=\"elementor-widget-wrap elementor-element-populated\">\n\t\t\t\t\t\t<div class=\"elementor-element elementor-element-3dac43e1 elementor-widget elementor-widget-image\" data-id=\"3dac43e1\" data-element_type=\"widget\" data-widget_type=\"image.default\">\n\t\t\t\t<div class=\"elementor-widget-container\">\n\t\t\t\t\t\t\t\t\t\t\t\t\t\t\t<img fetchpriority=\"high\" decoding=\"async\" width=\"500\" height=\"333\" src=\"http:\/\/cmictabasco.org.mx.previewc75.carrierzone.com\/wp-content\/uploads\/2022\/11\/auditorio.jpg\" class=\"attachment-full size-full wp-image-1184\" alt=\"\" srcset=\"http:\/\/cmictabasco.org.mx.previewc75.carrierzone.com\/wp-content\/uploads\/2022\/11\/auditorio.jpg 500w, http:\/\/cmictabasco.org.mx.previewc75.carrierzone.com\/wp-content\/uploads\/2022\/11\/auditorio-300x200.jpg 300w\" sizes=\"(max-width: 500px) 100vw, 500px\" \/>\t\t\t\t\t\t\t\t\t\t\t\t\t\t\t<\/div>\n\t\t\t\t<\/div>\n\t\t\t\t\t<\/div>\n\t\t<\/div>\n\t\t\t\t<div class=\"elementor-column elementor-col-50 elementor-top-column elementor-element elementor-element-67bf8c06\" data-id=\"67bf8c06\" data-element_type=\"column\">\n\t\t\t<div class=\"elementor-widget-wrap elementor-element-populated\">\n\t\t\t\t\t\t<div class=\"elementor-element elementor-element-6c714bfc elementor-widget elementor-widget-heading\" data-id=\"6c714bfc\" data-element_type=\"widget\" data-widget_type=\"heading.default\">\n\t\t\t\t<div class=\"elementor-widget-container\">\n\t\t\t\t\t<h4 class=\"elementor-heading-title elementor-size-default\">La CMIC Delegaci\u00f3n Tabasco<\/h4>\t\t\t\t<\/div>\n\t\t\t\t<\/div>\n\t\t\t\t<div class=\"elementor-element elementor-element-26e8dc15 elementor-widget elementor-widget-text-editor\" data-id=\"26e8dc15\" data-element_type=\"widget\" data-widget_type=\"text-editor.default\">\n\t\t\t\t<div class=\"elementor-widget-container\">\n\t\t\t\t\t\t\t\t\t<p>Fue fundada el 16 de marzo de 1979 por un ingeniero civil y distinguido constructor, que siendo gobernador del estado y por supuesto amigo de los constructores tabasque\u00f1os, convoc\u00f3 a la industria a la unidad. Se trata del Ing. Leandro Rovirosa Wade. Que junto con el empe\u00f1o, coraje y entrega gremial de nuestro presidente fundador, el Ing. Luis Manuel Camacho Mendoza, nuestra delegaci\u00f3n cuenta con 43 a\u00f1os de fundaci\u00f3n.<\/p>\t\t\t\t\t\t\t\t<\/div>\n\t\t\t\t<\/div>\n\t\t\t\t\t<\/div>\n\t\t<\/div>\n\t\t\t\t\t<\/div>\n\t\t<\/section>\n\t\t\t\t<section class=\"elementor-section elementor-top-section elementor-element elementor-element-74283bc5 elementor-section-full_width elementor-section-content-middle elementor-section-height-default elementor-section-height-default parallax_section_no qode_elementor_container_no\" data-id=\"74283bc5\" data-element_type=\"section\" data-settings=\"{&quot;motion_fx_motion_fx_scrolling&quot;:&quot;yes&quot;,&quot;motion_fx_devices&quot;:[&quot;desktop&quot;,&quot;tablet&quot;,&quot;mobile&quot;]}\">\n\t\t\t\t\t\t<div class=\"elementor-container elementor-column-gap-no\">\n\t\t\t\t\t<div class=\"elementor-column elementor-col-33 elementor-top-column elementor-element elementor-element-6f29c2aa\" data-id=\"6f29c2aa\" data-element_type=\"column\">\n\t\t\t<div class=\"elementor-widget-wrap elementor-element-populated\">\n\t\t\t\t\t\t<div class=\"elementor-element elementor-element-2d2ff17c elementor-widget-divider--view-line elementor-widget elementor-widget-divider\" data-id=\"2d2ff17c\" data-element_type=\"widget\" data-widget_type=\"divider.default\">\n\t\t\t\t<div class=\"elementor-widget-container\">\n\t\t\t\t\t\t\t<div class=\"elementor-divider\">\n\t\t\t<span class=\"elementor-divider-separator\">\n\t\t\t\t\t\t<\/span>\n\t\t<\/div>\n\t\t\t\t\t\t<\/div>\n\t\t\t\t<\/div>\n\t\t\t\t<div class=\"elementor-element elementor-element-4e6ce14 elementor-widget__width-initial elementor-widget elementor-widget-text-editor\" data-id=\"4e6ce14\" data-element_type=\"widget\" data-widget_type=\"text-editor.default\">\n\t\t\t\t<div class=\"elementor-widget-container\">\n\t\t\t\t\t\t\t\t\t<h1><strong><span style=\"vertical-align: inherit;\"><span style=\"vertical-align: inherit;\">Ex-Presidentes<\/span><\/span><\/strong><\/h1>\t\t\t\t\t\t\t\t<\/div>\n\t\t\t\t<\/div>\n\t\t\t\t\t<\/div>\n\t\t<\/div>\n\t\t\t\t<div class=\"elementor-column elementor-col-33 elementor-top-column elementor-element elementor-element-24db12c2\" data-id=\"24db12c2\" data-element_type=\"column\">\n\t\t\t<div class=\"elementor-widget-wrap elementor-element-populated\">\n\t\t\t\t\t\t<div class=\"elementor-element elementor-element-3080c38 elementor-widget__width-initial elementor-widget elementor-widget-text-editor\" data-id=\"3080c38\" data-element_type=\"widget\" data-widget_type=\"text-editor.default\">\n\t\t\t\t<div class=\"elementor-widget-container\">\n\t\t\t\t\t\t\t\t\t<div class=\"image-caption-wrapper\"><span style=\"vertical-align: inherit;\"><span style=\"vertical-align: inherit;\"><span style=\"vertical-align: inherit;\"><span style=\"vertical-align: inherit;\"><span style=\"vertical-align: inherit;\"><span style=\"vertical-align: inherit;\"><span style=\"vertical-align: inherit;\"><span style=\"vertical-align: inherit;\">A lo largo de todos estos a\u00f1os, la C\u00e1mara ha contado con el inigualable apoyo de sus ex- presidentes, todos empresarios exitosos y con gran visi\u00f3n.<\/span><\/span><\/span><\/span><\/span><\/span><\/span><\/span><\/div><div class=\"image-caption-wrapper\"><span style=\"vertical-align: inherit;\"><span style=\"vertical-align: inherit;\"><span style=\"vertical-align: inherit;\"><span style=\"vertical-align: inherit;\"><span style=\"vertical-align: inherit;\"><span style=\"vertical-align: inherit;\"><span style=\"vertical-align: inherit;\"><span style=\"vertical-align: inherit;\">\u2022Ing. Luis Manuel Camacho Mendoza<\/span><\/span><\/span><\/span><\/span><\/span><\/span><\/span><\/div><div class=\"image-caption-wrapper\"><span style=\"vertical-align: inherit;\"><span style=\"vertical-align: inherit;\"><span style=\"vertical-align: inherit;\"><span style=\"vertical-align: inherit;\"><span style=\"vertical-align: inherit;\"><span style=\"vertical-align: inherit;\"><span style=\"vertical-align: inherit;\"><span style=\"vertical-align: inherit;\">\u2022Ing. Jes\u00fas Manuel Brabata Pintado<\/span><\/span><\/span><\/span><\/span><\/span><\/span><\/span><\/div><div class=\"image-caption-wrapper\"><span style=\"vertical-align: inherit;\"><span style=\"vertical-align: inherit;\"><span style=\"vertical-align: inherit;\"><span style=\"vertical-align: inherit;\"><span style=\"vertical-align: inherit;\"><span style=\"vertical-align: inherit;\"><span style=\"vertical-align: inherit;\"><span style=\"vertical-align: inherit;\">\u2022Ing. H\u00e9ctor Ren\u00e9 Merino Rodr\u00edguez<\/span><\/span><\/span><\/span><\/span><\/span><\/span><\/span><\/div><div class=\"image-caption-wrapper\"><span style=\"vertical-align: inherit;\"><span style=\"vertical-align: inherit;\"><span style=\"vertical-align: inherit;\"><span style=\"vertical-align: inherit;\"><span style=\"vertical-align: inherit;\"><span style=\"vertical-align: inherit;\"><span style=\"vertical-align: inherit;\"><span style=\"vertical-align: inherit;\">\u2022Ing. H\u00e9ctor Enrique Pedrero Dorta<\/span><\/span><\/span><\/span><\/span><\/span><\/span><\/span><\/div><div class=\"image-caption-wrapper\"><span style=\"vertical-align: inherit;\"><span style=\"vertical-align: inherit;\"><span style=\"vertical-align: inherit;\"><span style=\"vertical-align: inherit;\"><span style=\"vertical-align: inherit;\"><span style=\"vertical-align: inherit;\"><span style=\"vertical-align: inherit;\"><span style=\"vertical-align: inherit;\">\u2022Ing. Guillermo Rafael Osorio Giorgana<\/span><\/span><\/span><\/span><\/span><\/span><\/span><\/span><\/div><div class=\"image-caption-wrapper\"><span style=\"vertical-align: inherit;\"><span style=\"vertical-align: inherit;\"><span style=\"vertical-align: inherit;\"><span style=\"vertical-align: inherit;\"><span style=\"vertical-align: inherit;\"><span style=\"vertical-align: inherit;\"><span style=\"vertical-align: inherit;\"><span style=\"vertical-align: inherit;\">\u2022Ing. Manuel Felipe Ord\u00f3\u00f1ez Gal\u00e1n<\/span><\/span><\/span><\/span><\/span><\/span><\/span><\/span><\/div><div class=\"image-caption-wrapper\"><span style=\"vertical-align: inherit;\"><span style=\"vertical-align: inherit;\"><span style=\"vertical-align: inherit;\"><span style=\"vertical-align: inherit;\"><span style=\"vertical-align: inherit;\"><span style=\"vertical-align: inherit;\"><span style=\"vertical-align: inherit;\"><span style=\"vertical-align: inherit;\">\u2022Ing. Jos\u00e9 Eduardo Correa Abreu<\/span><\/span><\/span><\/span><\/span><\/span><\/span><\/span><\/div><div class=\"image-caption-wrapper\"><span style=\"vertical-align: inherit;\"><span style=\"vertical-align: inherit;\"><span style=\"vertical-align: inherit;\"><span style=\"vertical-align: inherit;\"><span style=\"vertical-align: inherit;\"><span style=\"vertical-align: inherit;\"><span style=\"vertical-align: inherit;\"><span style=\"vertical-align: inherit;\">\u2022Ing. Juan Jos\u00e9 Gonz\u00e1lez Rivera<\/span><\/span><\/span><\/span><\/span><\/span><\/span><\/span><\/div><div class=\"image-caption-wrapper\"><span style=\"vertical-align: inherit;\"><span style=\"vertical-align: inherit;\"><span style=\"vertical-align: inherit;\"><span style=\"vertical-align: inherit;\"><span style=\"vertical-align: inherit;\"><span style=\"vertical-align: inherit;\"><span style=\"vertical-align: inherit;\"><span style=\"vertical-align: inherit;\">\u2022Ing. Enrique Dagdug Contreras<\/span><\/span><\/span><\/span><\/span><\/span><\/span><\/span><\/div><div class=\"image-caption-wrapper\"><span style=\"vertical-align: inherit;\"><span style=\"vertical-align: inherit;\"><span style=\"vertical-align: inherit;\"><span style=\"vertical-align: inherit;\"><span style=\"vertical-align: inherit;\"><span style=\"vertical-align: inherit;\"><span style=\"vertical-align: inherit;\"><span style=\"vertical-align: inherit;\">\u2022Ing. Alejandro De La Fuente God\u00ednez<\/span><\/span><\/span><\/span><\/span><\/span><\/span><\/span><\/div><div class=\"image-caption-wrapper\"><span style=\"vertical-align: inherit;\"><span style=\"vertical-align: inherit;\"><span style=\"vertical-align: inherit;\"><span style=\"vertical-align: inherit;\"><span style=\"vertical-align: inherit;\"><span style=\"vertical-align: inherit;\"><span style=\"vertical-align: inherit;\"><span style=\"vertical-align: inherit;\">\u2022Ing. Salvador Gerardo Cerna Gil<\/span><\/span><\/span><\/span><\/span><\/span><\/span><\/span><\/div><div class=\"image-caption-wrapper\"><span style=\"vertical-align: inherit;\"><span style=\"vertical-align: inherit;\"><span style=\"vertical-align: inherit;\"><span style=\"vertical-align: inherit;\"><span style=\"vertical-align: inherit;\"><span style=\"vertical-align: inherit;\"><span style=\"vertical-align: inherit;\"><span style=\"vertical-align: inherit;\">\u2022Ing. Adri\u00e1n Estrada Lorenzo<\/span><\/span><\/span><\/span><\/span><\/span><\/span><\/span><\/div><div class=\"image-caption-wrapper\"><span style=\"vertical-align: inherit;\"><span style=\"vertical-align: inherit;\"><span style=\"vertical-align: inherit;\"><span style=\"vertical-align: inherit;\"><span style=\"vertical-align: inherit;\"><span style=\"vertical-align: inherit;\"><span style=\"vertical-align: inherit;\"><span style=\"vertical-align: inherit;\">\u2022Lic. Efra\u00edn Garc\u00eda Mora<\/span><\/span><\/span><\/span><\/span><\/span><\/span><\/span><\/div><div class=\"image-caption-wrapper\"><span style=\"vertical-align: inherit;\"><span style=\"vertical-align: inherit;\"><span style=\"vertical-align: inherit;\"><span style=\"vertical-align: inherit;\"><span style=\"vertical-align: inherit;\"><span style=\"vertical-align: inherit;\"><span style=\"vertical-align: inherit;\"><span style=\"vertical-align: inherit;\">\u2022Ing. Gustavo Carrera Falc\u00f3n<\/span><\/span><\/span><\/span><\/span><\/span><\/span><\/span><\/div><div class=\"image-caption-wrapper\"><span style=\"vertical-align: inherit;\"><span style=\"vertical-align: inherit;\"><span style=\"vertical-align: inherit;\"><span style=\"vertical-align: inherit;\"><span style=\"vertical-align: inherit;\"><span style=\"vertical-align: inherit;\"><span style=\"vertical-align: inherit;\"><span style=\"vertical-align: inherit;\">\u2022Ing. <\/span><\/span><\/span><\/span><\/span><\/span><\/span><span style=\"vertical-align: inherit;\"><span style=\"vertical-align: inherit;\"><span style=\"vertical-align: inherit;\"><span style=\"vertical-align: inherit;\"><span style=\"vertical-align: inherit;\"><span style=\"vertical-align: inherit;\"><span style=\"vertical-align: inherit;\">Jose Luis Yanez Burelo<\/span><\/span><\/span><\/span><\/span><\/span><\/span><\/span><\/div><div class=\"image-caption-wrapper\"><span style=\"vertical-align: inherit;\"><span style=\"vertical-align: inherit;\"><span style=\"vertical-align: inherit;\"><span style=\"vertical-align: inherit;\"><span style=\"vertical-align: inherit;\"><span style=\"vertical-align: inherit;\"><span style=\"vertical-align: inherit;\"><span style=\"vertical-align: inherit;\">\u2022Ing. Jose Ventura Priego Madrigal\u00a0<\/span><\/span><\/span><\/span><\/span><\/span><\/span><\/span><\/div><div><span style=\"vertical-align: inherit;\">\u2022Ing. Manuel Antonio Quirarte Flores<\/span><\/div><div><span style=\"vertical-align: inherit;\">\u2022Ing. Jose Luis Gonzalez Valencia<\/span><\/div><div><span style=\"vertical-align: inherit;\">\u2022Ing. Fernando Naranjo Broca<\/span><\/div>\t\t\t\t\t\t\t\t<\/div>\n\t\t\t\t<\/div>\n\t\t\t\t\t<\/div>\n\t\t<\/div>\n\t\t\t\t<div class=\"elementor-column elementor-col-33 elementor-top-column elementor-element elementor-element-63dc904\" data-id=\"63dc904\" data-element_type=\"column\">\n\t\t\t<div class=\"elementor-widget-wrap elementor-element-populated\">\n\t\t\t\t\t\t<div class=\"elementor-element elementor-element-385e7202 elementor-widget__width-initial elementor-widget elementor-widget-image\" data-id=\"385e7202\" data-element_type=\"widget\" data-widget_type=\"image.default\">\n\t\t\t\t<div class=\"elementor-widget-container\">\n\t\t\t\t\t\t\t\t\t\t\t\t\t\t\t<img decoding=\"async\" width=\"2560\" height=\"1406\" src=\"http:\/\/cmictabasco.org.mx.previewc75.carrierzone.com\/wp-content\/uploads\/2024\/11\/1-scaled.jpg\" class=\"attachment-full size-full wp-image-1697\" alt=\"\" srcset=\"http:\/\/cmictabasco.org.mx.previewc75.carrierzone.com\/wp-content\/uploads\/2024\/11\/1-scaled.jpg 2560w, http:\/\/cmictabasco.org.mx.previewc75.carrierzone.com\/wp-content\/uploads\/2024\/11\/1-300x165.jpg 300w, http:\/\/cmictabasco.org.mx.previewc75.carrierzone.com\/wp-content\/uploads\/2024\/11\/1-1024x562.jpg 1024w, http:\/\/cmictabasco.org.mx.previewc75.carrierzone.com\/wp-content\/uploads\/2024\/11\/1-768x422.jpg 768w, http:\/\/cmictabasco.org.mx.previewc75.carrierzone.com\/wp-content\/uploads\/2024\/11\/1-1536x843.jpg 1536w, http:\/\/cmictabasco.org.mx.previewc75.carrierzone.com\/wp-content\/uploads\/2024\/11\/1-2048x1124.jpg 2048w, http:\/\/cmictabasco.org.mx.previewc75.carrierzone.com\/wp-content\/uploads\/2024\/11\/1-700x384.jpg 700w\" sizes=\"(max-width: 2560px) 100vw, 2560px\" \/>\t\t\t\t\t\t\t\t\t\t\t\t\t\t\t<\/div>\n\t\t\t\t<\/div>\n\t\t\t\t\t<\/div>\n\t\t<\/div>\n\t\t\t\t\t<\/div>\n\t\t<\/section>\n\t\t\t\t<section class=\"elementor-section elementor-top-section elementor-element elementor-element-8b2e7be elementor-section-full_width elementor-section-height-default elementor-section-height-default parallax_section_no qode_elementor_container_no\" data-id=\"8b2e7be\" data-element_type=\"section\">\n\t\t\t\t\t\t<div class=\"elementor-container elementor-column-gap-default\">\n\t\t\t\t\t<div class=\"elementor-column elementor-col-100 elementor-top-column elementor-element elementor-element-957b542\" data-id=\"957b542\" data-element_type=\"column\">\n\t\t\t<div class=\"elementor-widget-wrap elementor-element-populated\">\n\t\t\t\t\t\t<div class=\"elementor-element elementor-element-f5dfc7d elementor-widget elementor-widget-bridge_action\" data-id=\"f5dfc7d\" data-element_type=\"widget\" data-widget_type=\"bridge_action.default\">\n\t\t\t\t<div class=\"elementor-widget-container\">\n\t\t\t\t\t<div class=\"call_to_action simple\" style=\"background-color: #2B2C2E;padding-top: 40px;padding-bottom: 40px;\"><div class=\"container_inner\"><div class=\"text_wrapper column1\"><div class=\"call_to_action_text  font_size_inherit font_weight_inherit letter_spacing_inherit\" style=\"font-size:16px;font-weight: 600;letter-spacing: -1px;\"><p style=\"text-align: center;\"><span style=\"color: #ffffff;\">Contactanos para m\u00e1s informaci\u00f3n<\/span><\/p><\/div><a itemprop=\"url\" href=\"#\" class=\"qbutton white medium\" target=\"_self\" style=\"color: #FFFFFF;\" data-hover-background-color=#FFFFFF data-hover-color=#303030>Contactanos<\/a><\/div><\/div><\/div>\t\t\t\t<\/div>\n\t\t\t\t<\/div>\n\t\t\t\t\t<\/div>\n\t\t<\/div>\n\t\t\t\t\t<\/div>\n\t\t<\/section>\n\t\t\t\t<\/div>\n\t\t","protected":false},"excerpt":{"rendered":"<p>CMIC Tabasco La C\u00e1mara Mexicana De La Industria De La Construcci\u00f3n, m\u00e1ximo \u00f3rgano de representaci\u00f3n del gremio, consolida, unifica y promueve desde 1953 a las empresas afiliadas del pa\u00eds, otorg\u00e1ndoles servicios de alta calidad y servicios que dan plus a las actividades productivas de la&#8230;<\/p>\n","protected":false},"author":1,"featured_media":0,"parent":0,"menu_order":0,"comment_status":"closed","ping_status":"closed","template":"full_width.php","meta":{"footnotes":""},"class_list":["post-371","page","type-page","status-publish","hentry"],"_links":{"self":[{"href":"http:\/\/cmictabasco.org.mx.previewc75.carrierzone.com\/index.php?rest_route=\/wp\/v2\/pages\/371","targetHints":{"allow":["GET"]}}],"collection":[{"href":"http:\/\/cmictabasco.org.mx.previewc75.carrierzone.com\/index.php?rest_route=\/wp\/v2\/pages"}],"about":[{"href":"http:\/\/cmictabasco.org.mx.previewc75.carrierzone.com\/index.php?rest_route=\/wp\/v2\/types\/page"}],"author":[{"embeddable":true,"href":"http:\/\/cmictabasco.org.mx.previewc75.carrierzone.com\/index.php?rest_route=\/wp\/v2\/users\/1"}],"replies":[{"embeddable":true,"href":"http:\/\/cmictabasco.org.mx.previewc75.carrierzone.com\/index.php?rest_route=%2Fwp%2Fv2%2Fcomments&post=371"}],"version-history":[{"count":81,"href":"http:\/\/cmictabasco.org.mx.previewc75.carrierzone.com\/index.php?rest_route=\/wp\/v2\/pages\/371\/revisions"}],"predecessor-version":[{"id":1703,"href":"http:\/\/cmictabasco.org.mx.previewc75.carrierzone.com\/index.php?rest_route=\/wp\/v2\/pages\/371\/revisions\/1703"}],"wp:attachment":[{"href":"http:\/\/cmictabasco.org.mx.previewc75.carrierzone.com\/index.php?rest_route=%2Fwp%2Fv2%2Fmedia&parent=371"}],"curies":[{"name":"wp","href":"https:\/\/api.w.org\/{rel}","templated":true}]}}