{"id":373,"date":"2021-06-30T09:52:44","date_gmt":"2021-06-30T09:52:44","guid":{"rendered":"https:\/\/bridge440.qodeinteractive.com\/?page_id=373"},"modified":"2026-03-03T00:09:20","modified_gmt":"2026-03-03T00:09:20","slug":"services","status":"publish","type":"page","link":"http:\/\/cmictabasco.org.mx.previewc75.carrierzone.com\/?page_id=373","title":{"rendered":"Servicios al Afiliado"},"content":{"rendered":"\t\t<div data-elementor-type=\"wp-page\" data-elementor-id=\"373\" class=\"elementor elementor-373\">\n\t\t\t\t\t\t<section class=\"elementor-section elementor-top-section elementor-element elementor-element-27a1468 elementor-section-boxed elementor-section-height-default elementor-section-height-default parallax_section_no qode_elementor_container_no\" data-id=\"27a1468\" data-element_type=\"section\">\n\t\t\t\t\t\t<div class=\"elementor-container elementor-column-gap-default\">\n\t\t\t\t\t<div class=\"elementor-column elementor-col-100 elementor-top-column elementor-element elementor-element-5d909f7\" data-id=\"5d909f7\" data-element_type=\"column\">\n\t\t\t<div class=\"elementor-widget-wrap elementor-element-populated\">\n\t\t\t\t\t\t<div class=\"elementor-element elementor-element-03f7fed elementor-widget__width-inherit elementor-widget elementor-widget-bridge_blockquote\" data-id=\"03f7fed\" data-element_type=\"widget\" data-widget_type=\"bridge_blockquote.default\">\n\t\t\t\t<div class=\"elementor-widget-container\">\n\t\t\t\t\t<blockquote class=' with_quote_icon' style=''><i class='fa fa-quote-right' style='color: #FF0000;'><\/i><h5 class='blockquote-text' style=''>La C\u00e1mara Mexicana de la Industria de la Construcci\u00f3n cuenta con una amplia gama de servicios, entre ellos la renta de aulas para reuniones, desayunos gremiales o eventos empresariales, donde usted tendr\u00e1 el acceso a wi-fi, proyector, aulas climatizadas, sonido y mobiliario.<\/h5><\/blockquote>\t\t\t\t<\/div>\n\t\t\t\t<\/div>\n\t\t\t\t\t<\/div>\n\t\t<\/div>\n\t\t\t\t\t<\/div>\n\t\t<\/section>\n\t\t\t\t<section class=\"elementor-section elementor-top-section elementor-element elementor-element-35c5885b elementor-section-full_width elementor-section-height-default elementor-section-height-default parallax_section_no qode_elementor_container_no\" data-id=\"35c5885b\" data-element_type=\"section\">\n\t\t\t\t\t\t<div class=\"elementor-container elementor-column-gap-default\">\n\t\t\t\t\t<div class=\"elementor-column elementor-col-100 elementor-top-column elementor-element elementor-element-55f2778\" data-id=\"55f2778\" data-element_type=\"column\" data-settings=\"{&quot;motion_fx_motion_fx_scrolling&quot;:&quot;yes&quot;,&quot;motion_fx_translateX_effect&quot;:&quot;yes&quot;,&quot;motion_fx_translateX_speed&quot;:{&quot;unit&quot;:&quot;px&quot;,&quot;size&quot;:&quot;1&quot;,&quot;sizes&quot;:[]},&quot;motion_fx_translateX_affectedRange&quot;:{&quot;unit&quot;:&quot;%&quot;,&quot;size&quot;:&quot;&quot;,&quot;sizes&quot;:{&quot;start&quot;:&quot;0&quot;,&quot;end&quot;:&quot;50&quot;}},&quot;motion_fx_devices&quot;:[&quot;desktop&quot;]}\">\n\t\t\t<div class=\"elementor-widget-wrap elementor-element-populated\">\n\t\t\t\t\t\t<div class=\"elementor-element elementor-element-7b1356cc elementor-widget-divider--view-line_text elementor-widget-divider--element-align-left elementor-widget elementor-widget-divider\" data-id=\"7b1356cc\" data-element_type=\"widget\" data-widget_type=\"divider.default\">\n\t\t\t\t<div class=\"elementor-widget-container\">\n\t\t\t\t\t\t\t<div class=\"elementor-divider\">\n\t\t\t<span class=\"elementor-divider-separator\">\n\t\t\t\t\t\t\t<span class=\"elementor-divider__text elementor-divider__element\">\n\t\t\t\tNuestros <b>ESPACIOS<\/b>\t\t\t\t<\/span>\n\t\t\t\t\t\t<\/span>\n\t\t<\/div>\n\t\t\t\t\t\t<\/div>\n\t\t\t\t<\/div>\n\t\t\t\t\t<\/div>\n\t\t<\/div>\n\t\t\t\t\t<\/div>\n\t\t<\/section>\n\t\t\t\t<section class=\"elementor-section elementor-top-section elementor-element elementor-element-c5495fb elementor-section-boxed elementor-section-height-default elementor-section-height-default parallax_section_no qode_elementor_container_no\" data-id=\"c5495fb\" data-element_type=\"section\">\n\t\t\t\t\t\t<div class=\"elementor-container elementor-column-gap-default\">\n\t\t\t\t\t<div class=\"elementor-column elementor-col-100 elementor-top-column elementor-element elementor-element-cbd2002\" data-id=\"cbd2002\" data-element_type=\"column\">\n\t\t\t<div class=\"elementor-widget-wrap elementor-element-populated\">\n\t\t\t\t\t\t<div class=\"elementor-element elementor-element-043d73b elementor-widget elementor-widget-gallery\" data-id=\"043d73b\" data-element_type=\"widget\" data-settings=\"{&quot;gallery_layout&quot;:&quot;masonry&quot;,&quot;lazyload&quot;:&quot;yes&quot;,&quot;columns&quot;:4,&quot;columns_tablet&quot;:2,&quot;columns_mobile&quot;:1,&quot;gap&quot;:{&quot;unit&quot;:&quot;px&quot;,&quot;size&quot;:10,&quot;sizes&quot;:[]},&quot;gap_tablet&quot;:{&quot;unit&quot;:&quot;px&quot;,&quot;size&quot;:10,&quot;sizes&quot;:[]},&quot;gap_mobile&quot;:{&quot;unit&quot;:&quot;px&quot;,&quot;size&quot;:10,&quot;sizes&quot;:[]},&quot;link_to&quot;:&quot;file&quot;,&quot;overlay_background&quot;:&quot;yes&quot;,&quot;content_hover_animation&quot;:&quot;fade-in&quot;}\" data-widget_type=\"gallery.default\">\n\t\t\t\t<div class=\"elementor-widget-container\">\n\t\t\t\t\t\t\t<div class=\"elementor-gallery__container\">\n\t\t\t\t\t\t\t<a class=\"e-gallery-item elementor-gallery-item elementor-animated-content\" href=\"http:\/\/cmictabasco.org.mx.previewc75.carrierzone.com\/wp-content\/uploads\/2022\/12\/WhatsApp-Image-2022-11-30-at-10.42.27-1.jpeg\" data-elementor-open-lightbox=\"yes\" data-elementor-lightbox-slideshow=\"all-043d73b\" data-elementor-lightbox-title=\"WhatsApp Image 2022-11-30 at 10.42.27 (1)\" data-e-action-hash=\"#elementor-action%3Aaction%3Dlightbox%26settings%3DeyJpZCI6MTM0OCwidXJsIjoiaHR0cDpcL1wvY21pY3RhYmFzY28ub3JnLm14LnByZXZpZXdjNzUuY2FycmllcnpvbmUuY29tXC93cC1jb250ZW50XC91cGxvYWRzXC8yMDIyXC8xMlwvV2hhdHNBcHAtSW1hZ2UtMjAyMi0xMS0zMC1hdC0xMC40Mi4yNy0xLmpwZWciLCJzbGlkZXNob3ciOiJhbGwtMDQzZDczYiJ9\">\n\t\t\t\t\t<div class=\"e-gallery-image elementor-gallery-item__image\" data-thumbnail=\"http:\/\/cmictabasco.org.mx.previewc75.carrierzone.com\/wp-content\/uploads\/2022\/12\/WhatsApp-Image-2022-11-30-at-10.42.27-1-300x225.jpeg\" data-width=\"300\" data-height=\"225\" alt=\"\" ><\/div>\n\t\t\t\t\t\t\t\t\t\t\t<div class=\"elementor-gallery-item__overlay\"><\/div>\n\t\t\t\t\t\t\t\t\t\t\t\t\t\t<\/a>\n\t\t\t\t\t\t\t<a class=\"e-gallery-item elementor-gallery-item elementor-animated-content\" href=\"http:\/\/cmictabasco.org.mx.previewc75.carrierzone.com\/wp-content\/uploads\/2022\/12\/WhatsApp-Image-2022-11-30-at-10.42.28.jpeg\" data-elementor-open-lightbox=\"yes\" data-elementor-lightbox-slideshow=\"all-043d73b\" data-elementor-lightbox-title=\"WhatsApp Image 2022-11-30 at 10.42.28\" data-e-action-hash=\"#elementor-action%3Aaction%3Dlightbox%26settings%3DeyJpZCI6MTM1MCwidXJsIjoiaHR0cDpcL1wvY21pY3RhYmFzY28ub3JnLm14LnByZXZpZXdjNzUuY2FycmllcnpvbmUuY29tXC93cC1jb250ZW50XC91cGxvYWRzXC8yMDIyXC8xMlwvV2hhdHNBcHAtSW1hZ2UtMjAyMi0xMS0zMC1hdC0xMC40Mi4yOC5qcGVnIiwic2xpZGVzaG93IjoiYWxsLTA0M2Q3M2IifQ%3D%3D\">\n\t\t\t\t\t<div class=\"e-gallery-image elementor-gallery-item__image\" data-thumbnail=\"http:\/\/cmictabasco.org.mx.previewc75.carrierzone.com\/wp-content\/uploads\/2022\/12\/WhatsApp-Image-2022-11-30-at-10.42.28-300x135.jpeg\" data-width=\"300\" data-height=\"135\" alt=\"\" ><\/div>\n\t\t\t\t\t\t\t\t\t\t\t<div class=\"elementor-gallery-item__overlay\"><\/div>\n\t\t\t\t\t\t\t\t\t\t\t\t\t\t<\/a>\n\t\t\t\t\t\t\t<a class=\"e-gallery-item elementor-gallery-item elementor-animated-content\" href=\"http:\/\/cmictabasco.org.mx.previewc75.carrierzone.com\/wp-content\/uploads\/2022\/12\/WhatsApp-Image-2022-11-30-at-10.42.37-1.jpeg\" data-elementor-open-lightbox=\"yes\" data-elementor-lightbox-slideshow=\"all-043d73b\" data-elementor-lightbox-title=\"WhatsApp Image 2022-11-30 at 10.42.37 (1)\" data-e-action-hash=\"#elementor-action%3Aaction%3Dlightbox%26settings%3DeyJpZCI6MTM1MiwidXJsIjoiaHR0cDpcL1wvY21pY3RhYmFzY28ub3JnLm14LnByZXZpZXdjNzUuY2FycmllcnpvbmUuY29tXC93cC1jb250ZW50XC91cGxvYWRzXC8yMDIyXC8xMlwvV2hhdHNBcHAtSW1hZ2UtMjAyMi0xMS0zMC1hdC0xMC40Mi4zNy0xLmpwZWciLCJzbGlkZXNob3ciOiJhbGwtMDQzZDczYiJ9\">\n\t\t\t\t\t<div class=\"e-gallery-image elementor-gallery-item__image\" data-thumbnail=\"http:\/\/cmictabasco.org.mx.previewc75.carrierzone.com\/wp-content\/uploads\/2022\/12\/WhatsApp-Image-2022-11-30-at-10.42.37-1-300x135.jpeg\" data-width=\"300\" data-height=\"135\" alt=\"\" ><\/div>\n\t\t\t\t\t\t\t\t\t\t\t<div class=\"elementor-gallery-item__overlay\"><\/div>\n\t\t\t\t\t\t\t\t\t\t\t\t\t\t<\/a>\n\t\t\t\t\t\t\t<a class=\"e-gallery-item elementor-gallery-item elementor-animated-content\" href=\"http:\/\/cmictabasco.org.mx.previewc75.carrierzone.com\/wp-content\/uploads\/2022\/12\/WhatsApp-Image-2022-11-30-at-10.42.37.jpeg\" data-elementor-open-lightbox=\"yes\" data-elementor-lightbox-slideshow=\"all-043d73b\" data-elementor-lightbox-title=\"WhatsApp Image 2022-11-30 at 10.42.37\" data-e-action-hash=\"#elementor-action%3Aaction%3Dlightbox%26settings%3DeyJpZCI6MTM1NSwidXJsIjoiaHR0cDpcL1wvY21pY3RhYmFzY28ub3JnLm14LnByZXZpZXdjNzUuY2FycmllcnpvbmUuY29tXC93cC1jb250ZW50XC91cGxvYWRzXC8yMDIyXC8xMlwvV2hhdHNBcHAtSW1hZ2UtMjAyMi0xMS0zMC1hdC0xMC40Mi4zNy5qcGVnIiwic2xpZGVzaG93IjoiYWxsLTA0M2Q3M2IifQ%3D%3D\">\n\t\t\t\t\t<div class=\"e-gallery-image elementor-gallery-item__image\" data-thumbnail=\"http:\/\/cmictabasco.org.mx.previewc75.carrierzone.com\/wp-content\/uploads\/2022\/12\/WhatsApp-Image-2022-11-30-at-10.42.37-300x135.jpeg\" data-width=\"300\" data-height=\"135\" alt=\"\" ><\/div>\n\t\t\t\t\t\t\t\t\t\t\t<div class=\"elementor-gallery-item__overlay\"><\/div>\n\t\t\t\t\t\t\t\t\t\t\t\t\t\t<\/a>\n\t\t\t\t\t\t\t<a class=\"e-gallery-item elementor-gallery-item elementor-animated-content\" href=\"http:\/\/cmictabasco.org.mx.previewc75.carrierzone.com\/wp-content\/uploads\/2022\/12\/WhatsApp-Image-2022-11-30-at-10.42.36-3.jpeg\" data-elementor-open-lightbox=\"yes\" data-elementor-lightbox-slideshow=\"all-043d73b\" data-elementor-lightbox-title=\"WhatsApp Image 2022-11-30 at 10.42.36 (3)\" data-e-action-hash=\"#elementor-action%3Aaction%3Dlightbox%26settings%3DeyJpZCI6MTM1MSwidXJsIjoiaHR0cDpcL1wvY21pY3RhYmFzY28ub3JnLm14LnByZXZpZXdjNzUuY2FycmllcnpvbmUuY29tXC93cC1jb250ZW50XC91cGxvYWRzXC8yMDIyXC8xMlwvV2hhdHNBcHAtSW1hZ2UtMjAyMi0xMS0zMC1hdC0xMC40Mi4zNi0zLmpwZWciLCJzbGlkZXNob3ciOiJhbGwtMDQzZDczYiJ9\">\n\t\t\t\t\t<div class=\"e-gallery-image elementor-gallery-item__image\" data-thumbnail=\"http:\/\/cmictabasco.org.mx.previewc75.carrierzone.com\/wp-content\/uploads\/2022\/12\/WhatsApp-Image-2022-11-30-at-10.42.36-3-300x135.jpeg\" data-width=\"300\" data-height=\"135\" alt=\"\" ><\/div>\n\t\t\t\t\t\t\t\t\t\t\t<div class=\"elementor-gallery-item__overlay\"><\/div>\n\t\t\t\t\t\t\t\t\t\t\t\t\t\t<\/a>\n\t\t\t\t\t\t\t<a class=\"e-gallery-item elementor-gallery-item elementor-animated-content\" href=\"http:\/\/cmictabasco.org.mx.previewc75.carrierzone.com\/wp-content\/uploads\/2022\/12\/WhatsApp-Image-2022-11-30-at-10.42.37-4.jpeg\" data-elementor-open-lightbox=\"yes\" data-elementor-lightbox-slideshow=\"all-043d73b\" data-elementor-lightbox-title=\"WhatsApp Image 2022-11-30 at 10.42.37 (4)\" data-e-action-hash=\"#elementor-action%3Aaction%3Dlightbox%26settings%3DeyJpZCI6MTM1NCwidXJsIjoiaHR0cDpcL1wvY21pY3RhYmFzY28ub3JnLm14LnByZXZpZXdjNzUuY2FycmllcnpvbmUuY29tXC93cC1jb250ZW50XC91cGxvYWRzXC8yMDIyXC8xMlwvV2hhdHNBcHAtSW1hZ2UtMjAyMi0xMS0zMC1hdC0xMC40Mi4zNy00LmpwZWciLCJzbGlkZXNob3ciOiJhbGwtMDQzZDczYiJ9\">\n\t\t\t\t\t<div class=\"e-gallery-image elementor-gallery-item__image\" data-thumbnail=\"http:\/\/cmictabasco.org.mx.previewc75.carrierzone.com\/wp-content\/uploads\/2022\/12\/WhatsApp-Image-2022-11-30-at-10.42.37-4-300x135.jpeg\" data-width=\"300\" data-height=\"135\" alt=\"\" ><\/div>\n\t\t\t\t\t\t\t\t\t\t\t<div class=\"elementor-gallery-item__overlay\"><\/div>\n\t\t\t\t\t\t\t\t\t\t\t\t\t\t<\/a>\n\t\t\t\t\t\t\t<a class=\"e-gallery-item elementor-gallery-item elementor-animated-content\" href=\"http:\/\/cmictabasco.org.mx.previewc75.carrierzone.com\/wp-content\/uploads\/2022\/12\/WhatsApp-Image-2022-11-30-at-10.42.38-2.jpeg\" data-elementor-open-lightbox=\"yes\" data-elementor-lightbox-slideshow=\"all-043d73b\" data-elementor-lightbox-title=\"WhatsApp Image 2022-11-30 at 10.42.38 (2)\" data-e-action-hash=\"#elementor-action%3Aaction%3Dlightbox%26settings%3DeyJpZCI6MTM1NiwidXJsIjoiaHR0cDpcL1wvY21pY3RhYmFzY28ub3JnLm14LnByZXZpZXdjNzUuY2FycmllcnpvbmUuY29tXC93cC1jb250ZW50XC91cGxvYWRzXC8yMDIyXC8xMlwvV2hhdHNBcHAtSW1hZ2UtMjAyMi0xMS0zMC1hdC0xMC40Mi4zOC0yLmpwZWciLCJzbGlkZXNob3ciOiJhbGwtMDQzZDczYiJ9\">\n\t\t\t\t\t<div class=\"e-gallery-image elementor-gallery-item__image\" data-thumbnail=\"http:\/\/cmictabasco.org.mx.previewc75.carrierzone.com\/wp-content\/uploads\/2022\/12\/WhatsApp-Image-2022-11-30-at-10.42.38-2-300x135.jpeg\" data-width=\"300\" data-height=\"135\" alt=\"\" ><\/div>\n\t\t\t\t\t\t\t\t\t\t\t<div class=\"elementor-gallery-item__overlay\"><\/div>\n\t\t\t\t\t\t\t\t\t\t\t\t\t\t<\/a>\n\t\t\t\t\t\t\t<a class=\"e-gallery-item elementor-gallery-item elementor-animated-content\" href=\"http:\/\/cmictabasco.org.mx.previewc75.carrierzone.com\/wp-content\/uploads\/2022\/12\/WhatsApp-Image-2022-11-30-at-10.42.38.jpeg\" data-elementor-open-lightbox=\"yes\" data-elementor-lightbox-slideshow=\"all-043d73b\" data-elementor-lightbox-title=\"WhatsApp Image 2022-11-30 at 10.42.38\" data-e-action-hash=\"#elementor-action%3Aaction%3Dlightbox%26settings%3DeyJpZCI6MTM1NywidXJsIjoiaHR0cDpcL1wvY21pY3RhYmFzY28ub3JnLm14LnByZXZpZXdjNzUuY2FycmllcnpvbmUuY29tXC93cC1jb250ZW50XC91cGxvYWRzXC8yMDIyXC8xMlwvV2hhdHNBcHAtSW1hZ2UtMjAyMi0xMS0zMC1hdC0xMC40Mi4zOC5qcGVnIiwic2xpZGVzaG93IjoiYWxsLTA0M2Q3M2IifQ%3D%3D\">\n\t\t\t\t\t<div class=\"e-gallery-image elementor-gallery-item__image\" data-thumbnail=\"http:\/\/cmictabasco.org.mx.previewc75.carrierzone.com\/wp-content\/uploads\/2022\/12\/WhatsApp-Image-2022-11-30-at-10.42.38-300x135.jpeg\" data-width=\"300\" data-height=\"135\" alt=\"\" ><\/div>\n\t\t\t\t\t\t\t\t\t\t\t<div class=\"elementor-gallery-item__overlay\"><\/div>\n\t\t\t\t\t\t\t\t\t\t\t\t\t\t<\/a>\n\t\t\t\t\t\t\t<a class=\"e-gallery-item elementor-gallery-item elementor-animated-content\" href=\"http:\/\/cmictabasco.org.mx.previewc75.carrierzone.com\/wp-content\/uploads\/2022\/12\/WhatsApp-Image-2022-11-30-at-12.35.23-1.jpeg\" data-elementor-open-lightbox=\"yes\" data-elementor-lightbox-slideshow=\"all-043d73b\" data-elementor-lightbox-title=\"WhatsApp Image 2022-11-30 at 12.35.23 (1)\" data-e-action-hash=\"#elementor-action%3Aaction%3Dlightbox%26settings%3DeyJpZCI6MTM2MCwidXJsIjoiaHR0cDpcL1wvY21pY3RhYmFzY28ub3JnLm14LnByZXZpZXdjNzUuY2FycmllcnpvbmUuY29tXC93cC1jb250ZW50XC91cGxvYWRzXC8yMDIyXC8xMlwvV2hhdHNBcHAtSW1hZ2UtMjAyMi0xMS0zMC1hdC0xMi4zNS4yMy0xLmpwZWciLCJzbGlkZXNob3ciOiJhbGwtMDQzZDczYiJ9\">\n\t\t\t\t\t<div class=\"e-gallery-image elementor-gallery-item__image\" data-thumbnail=\"http:\/\/cmictabasco.org.mx.previewc75.carrierzone.com\/wp-content\/uploads\/2022\/12\/WhatsApp-Image-2022-11-30-at-12.35.23-1-300x135.jpeg\" data-width=\"300\" data-height=\"135\" alt=\"\" ><\/div>\n\t\t\t\t\t\t\t\t\t\t\t<div class=\"elementor-gallery-item__overlay\"><\/div>\n\t\t\t\t\t\t\t\t\t\t\t\t\t\t<\/a>\n\t\t\t\t\t\t\t<a class=\"e-gallery-item elementor-gallery-item elementor-animated-content\" href=\"http:\/\/cmictabasco.org.mx.previewc75.carrierzone.com\/wp-content\/uploads\/2022\/12\/WhatsApp-Image-2022-11-30-at-12.35.24.jpeg\" data-elementor-open-lightbox=\"yes\" data-elementor-lightbox-slideshow=\"all-043d73b\" data-elementor-lightbox-title=\"WhatsApp Image 2022-11-30 at 12.35.24\" data-e-action-hash=\"#elementor-action%3Aaction%3Dlightbox%26settings%3DeyJpZCI6MTM2NiwidXJsIjoiaHR0cDpcL1wvY21pY3RhYmFzY28ub3JnLm14LnByZXZpZXdjNzUuY2FycmllcnpvbmUuY29tXC93cC1jb250ZW50XC91cGxvYWRzXC8yMDIyXC8xMlwvV2hhdHNBcHAtSW1hZ2UtMjAyMi0xMS0zMC1hdC0xMi4zNS4yNC5qcGVnIiwic2xpZGVzaG93IjoiYWxsLTA0M2Q3M2IifQ%3D%3D\">\n\t\t\t\t\t<div class=\"e-gallery-image elementor-gallery-item__image\" data-thumbnail=\"http:\/\/cmictabasco.org.mx.previewc75.carrierzone.com\/wp-content\/uploads\/2022\/12\/WhatsApp-Image-2022-11-30-at-12.35.24-300x135.jpeg\" data-width=\"300\" data-height=\"135\" alt=\"\" ><\/div>\n\t\t\t\t\t\t\t\t\t\t\t<div class=\"elementor-gallery-item__overlay\"><\/div>\n\t\t\t\t\t\t\t\t\t\t\t\t\t\t<\/a>\n\t\t\t\t\t<\/div>\n\t\t\t\t\t<\/div>\n\t\t\t\t<\/div>\n\t\t\t\t\t<\/div>\n\t\t<\/div>\n\t\t\t\t\t<\/div>\n\t\t<\/section>\n\t\t\t\t<section class=\"elementor-section elementor-top-section elementor-element elementor-element-1109b66f elementor-section-content-middle elementor-section-boxed elementor-section-height-default elementor-section-height-default parallax_section_no qode_elementor_container_no\" data-id=\"1109b66f\" data-element_type=\"section\" data-settings=\"{&quot;background_background&quot;:&quot;classic&quot;}\">\n\t\t\t\t\t\t<div class=\"elementor-container elementor-column-gap-no\">\n\t\t\t\t\t<div class=\"elementor-column elementor-col-50 elementor-top-column elementor-element elementor-element-159c157e\" data-id=\"159c157e\" data-element_type=\"column\">\n\t\t\t<div class=\"elementor-widget-wrap elementor-element-populated\">\n\t\t\t\t\t\t<div class=\"elementor-element elementor-element-6b2dcf53 elementor-widget-divider--view-line elementor-widget elementor-widget-divider\" data-id=\"6b2dcf53\" data-element_type=\"widget\" data-widget_type=\"divider.default\">\n\t\t\t\t<div class=\"elementor-widget-container\">\n\t\t\t\t\t\t\t<div class=\"elementor-divider\">\n\t\t\t<span class=\"elementor-divider-separator\">\n\t\t\t\t\t\t<\/span>\n\t\t<\/div>\n\t\t\t\t\t\t<\/div>\n\t\t\t\t<\/div>\n\t\t\t\t<div class=\"elementor-element elementor-element-60d224a3 elementor-widget elementor-widget-heading\" data-id=\"60d224a3\" data-element_type=\"widget\" data-widget_type=\"heading.default\">\n\t\t\t\t<div class=\"elementor-widget-container\">\n\t\t\t\t\t<h4 class=\"elementor-heading-title elementor-size-default\">Pol\u00edticas de Pago<\/h4>\t\t\t\t<\/div>\n\t\t\t\t<\/div>\n\t\t\t\t\t<\/div>\n\t\t<\/div>\n\t\t\t\t<div class=\"elementor-column elementor-col-50 elementor-top-column elementor-element elementor-element-21ae7c97\" data-id=\"21ae7c97\" data-element_type=\"column\">\n\t\t\t<div class=\"elementor-widget-wrap elementor-element-populated\">\n\t\t\t\t\t\t<div class=\"elementor-element elementor-element-7b951faf elementor-widget elementor-widget-text-editor\" data-id=\"7b951faf\" data-element_type=\"widget\" data-widget_type=\"text-editor.default\">\n\t\t\t\t<div class=\"elementor-widget-container\">\n\t\t\t\t\t\t\t\t\t<p><span style=\"color: #ffffff;\"><strong>Se debe realizar el anticipo del 30% de la cantidad total para el apartado de la fecha; por lo menos 72 horas de su evento debe estar cubierto el 100% del costo.<\/strong><\/span><\/p><p><span style=\"color: #ffffff;\"><strong>Para asegurar su espacio deberemos recibir v\u00eda correo electr\u00f3nico el d\u00e9posito o comprobante de transferencia bancaria para identificaci\u00f3n del pago correspondiente con los datos completos (nombre, domicilio completo, c\u00f3digo postal , ciudad, estado, RFC, forma de pago) de su empresa para su facturaci\u00f3n, por lo menos 72 horas antes de su evento.<\/strong><\/span><\/p><p><span style=\"color: #ffffff;\"><strong>Los eventos llevaran las siguientes observaciones: &#8220;No deben ser de rubro politico, social o religioso&#8221;.<\/strong><\/span><\/p><p><span style=\"color: #ffffff;\"><strong>En solicitud deben especificar: Fecha, Hora, Tema a presentar y capacidad de asistencia.<\/strong><\/span><\/p>\t\t\t\t\t\t\t\t<\/div>\n\t\t\t\t<\/div>\n\t\t\t\t<div class=\"elementor-element elementor-element-6f6563e4 elementor-widget elementor-widget-text-editor\" data-id=\"6f6563e4\" data-element_type=\"widget\" data-widget_type=\"text-editor.default\">\n\t\t\t\t<div class=\"elementor-widget-container\">\n\t\t\t\t\t\t\t\t\t<div><p style=\"text-align: left;\"><span style=\"color: #ffffff;\"><b>Camara Mexicana de la Industria de la Construcci\u00f3n<\/b><\/span><br \/><span style=\"color: #ffffff;\">Circuito Municipal No. 106, Col. Tabasco 2000, C.P. 86035<br \/>Villahermosa, Centro, Tabasco. Tel: 993 310 93 00 AL 09<br \/>RFC: CMI-970416-U95<br \/>Email: gerenciacmictab@gmail.com<br \/>Banco Banamex<br \/>Cuenta Bancaria 111208-8 SUC. 820<br \/>Clabe Interbancaria 002790082011120881<\/span><\/p><\/div>\t\t\t\t\t\t\t\t<\/div>\n\t\t\t\t<\/div>\n\t\t\t\t\t<\/div>\n\t\t<\/div>\n\t\t\t\t\t<\/div>\n\t\t<\/section>\n\t\t\t\t<\/div>\n\t\t","protected":false},"excerpt":{"rendered":"<p>La C\u00e1mara Mexicana de la Industria de la Construcci\u00f3n cuenta con una amplia gama de servicios, entre ellos la renta de aulas para reuniones, desayunos gremiales o eventos empresariales, donde usted tendr\u00e1 el acceso a wi-fi, proyector, aulas climatizadas, sonido y mobiliario. Nuestros ESPACIOS Pol\u00edticas&#8230;<\/p>\n","protected":false},"author":1,"featured_media":0,"parent":0,"menu_order":0,"comment_status":"closed","ping_status":"closed","template":"full_width.php","meta":{"footnotes":""},"class_list":["post-373","page","type-page","status-publish","hentry"],"_links":{"self":[{"href":"http:\/\/cmictabasco.org.mx.previewc75.carrierzone.com\/index.php?rest_route=\/wp\/v2\/pages\/373","targetHints":{"allow":["GET"]}}],"collection":[{"href":"http:\/\/cmictabasco.org.mx.previewc75.carrierzone.com\/index.php?rest_route=\/wp\/v2\/pages"}],"about":[{"href":"http:\/\/cmictabasco.org.mx.previewc75.carrierzone.com\/index.php?rest_route=\/wp\/v2\/types\/page"}],"author":[{"embeddable":true,"href":"http:\/\/cmictabasco.org.mx.previewc75.carrierzone.com\/index.php?rest_route=\/wp\/v2\/users\/1"}],"replies":[{"embeddable":true,"href":"http:\/\/cmictabasco.org.mx.previewc75.carrierzone.com\/index.php?rest_route=%2Fwp%2Fv2%2Fcomments&post=373"}],"version-history":[{"count":103,"href":"http:\/\/cmictabasco.org.mx.previewc75.carrierzone.com\/index.php?rest_route=\/wp\/v2\/pages\/373\/revisions"}],"predecessor-version":[{"id":2130,"href":"http:\/\/cmictabasco.org.mx.previewc75.carrierzone.com\/index.php?rest_route=\/wp\/v2\/pages\/373\/revisions\/2130"}],"wp:attachment":[{"href":"http:\/\/cmictabasco.org.mx.previewc75.carrierzone.com\/index.php?rest_route=%2Fwp%2Fv2%2Fmedia&parent=373"}],"curies":[{"name":"wp","href":"https:\/\/api.w.org\/{rel}","templated":true}]}}